{"id":313,"date":"2025-08-24T12:26:24","date_gmt":"2025-08-24T12:26:24","guid":{"rendered":"https:\/\/vitrinshippinglogistics.com\/?page_id=313"},"modified":"2025-08-24T12:30:54","modified_gmt":"2025-08-24T12:30:54","slug":"blog","status":"publish","type":"page","link":"https:\/\/vitrinshippinglogistics.com\/de\/blog\/","title":{"rendered":"Nachricht"},"content":{"rendered":"<div data-elementor-type=\"wp-page\" data-elementor-id=\"313\" class=\"elementor elementor-313\" data-elementor-post-type=\"page\">\n\t\t\t\t<div class=\"elementor-element elementor-element-78c006d0 e-flex e-con-boxed e-con e-parent\" data-id=\"78c006d0\" data-element_type=\"container\" data-settings=\"{&quot;background_background&quot;:&quot;classic&quot;}\">\n\t\t\t\t\t<div class=\"e-con-inner\">\n\t\t<div class=\"elementor-element elementor-element-3b6e8d4 e-con-full e-flex e-con e-child\" data-id=\"3b6e8d4\" data-element_type=\"container\">\n\t\t\t\t<div class=\"elementor-element elementor-element-101ae2b5 elementor-widget elementor-widget-heading\" data-id=\"101ae2b5\" data-element_type=\"widget\" data-widget_type=\"heading.default\">\n\t\t\t\t<div class=\"elementor-widget-container\">\n\t\t\t\t\t<h1 class=\"elementor-heading-title elementor-size-default\">Nachricht<\/h1>\t\t\t\t<\/div>\n\t\t\t\t<\/div>\n\t\t\t\t<div class=\"elementor-element elementor-element-a597018 elementor-icon-list--layout-inline elementor-list-item-link-full_width elementor-widget elementor-widget-icon-list\" data-id=\"a597018\" data-element_type=\"widget\" data-widget_type=\"icon-list.default\">\n\t\t\t\t<div class=\"elementor-widget-container\">\n\t\t\t\t\t\t\t<ul class=\"elementor-icon-list-items elementor-inline-items\">\n\t\t\t\t\t\t\t<li class=\"elementor-icon-list-item elementor-inline-item\">\n\t\t\t\t\t\t\t\t\t\t\t<a href=\"https:\/\/vitrinshippinglogistics.com\/de\">\n\n\t\t\t\t\t\t\t\t\t\t\t<span class=\"elementor-icon-list-text\">Heim<\/span>\n\t\t\t\t\t\t\t\t\t\t\t<\/a>\n\t\t\t\t\t\t\t\t\t<\/li>\n\t\t\t\t\t\t\t\t<li class=\"elementor-icon-list-item elementor-inline-item\">\n\t\t\t\t\t\t\t\t\t\t\t<span class=\"elementor-icon-list-icon\">\n\t\t\t\t\t\t\t<svg aria-hidden=\"true\" class=\"e-font-icon-svg e-fas-chevron-left\" viewbox=\"0 0 320 512\" xmlns=\"http:\/\/www.w3.org\/2000\/svg\"><path d=\"M34.52 239.03L228.87 44.69c9.37-9.37 24.57-9.37 33.94 0l22.67 22.67c9.36 9.36 9.37 24.52.04 33.9L131.49 256l154.02 154.75c9.34 9.38 9.32 24.54-.04 33.9l-22.67 22.67c-9.37 9.37-24.57 9.37-33.94 0L34.52 272.97c-9.37-9.37-9.37-24.57 0-33.94z\"><\/path><\/svg>\t\t\t\t\t\t<\/span>\n\t\t\t\t\t\t\t\t\t\t<span class=\"elementor-icon-list-text\">Nachricht<\/span>\n\t\t\t\t\t\t\t\t\t<\/li>\n\t\t\t\t\t\t<\/ul>\n\t\t\t\t\t\t<\/div>\n\t\t\t\t<\/div>\n\t\t\t\t<\/div>\n\t\t\t\t\t<\/div>\n\t\t\t\t<\/div>\n\t\t<div class=\"elementor-element elementor-element-1ce455d2 e-flex e-con-boxed e-con e-parent\" data-id=\"1ce455d2\" data-element_type=\"container\">\n\t\t\t\t\t<div class=\"e-con-inner\">\n\t\t<div class=\"elementor-element elementor-element-27e66c4d e-con-full e-flex e-con e-child\" data-id=\"27e66c4d\" data-element_type=\"container\">\n\t\t\t\t<div class=\"elementor-element elementor-element-f1e22b4 elementor-invisible elementor-widget elementor-widget-elementskit-blog-posts\" data-id=\"f1e22b4\" data-element_type=\"widget\" data-settings=\"{&quot;_animation&quot;:&quot;fadeIn&quot;}\" data-widget_type=\"elementskit-blog-posts.default\">\n\t\t\t\t<div class=\"elementor-widget-container\">\n\t\t\t\t\t<div class=\"ekit-wid-con\" >        <div id=\"post-items--f1e22b4\" class=\"row post-items\">\n                    <div class=\"col-lg-4 col-md-6\">\n\n                                    <div class=\"elementskit-post-image-card\">\n                        <div class=\"elementskit-entry-header\">\n                                                            <a href=\"https:\/\/vitrinshippinglogistics.com\/de\/%d9%83%d9%8a%d9%81-%d8%aa%d8%ae%d8%aa%d8%a7%d8%b1-%d8%b4%d8%b1%d9%83%d8%a9-%d8%b4%d8%ad%d9%86-%d8%af%d9%88%d9%84%d9%8a%d8%a9-%d9%85%d9%88%d8%ab%d9%88%d9%82%d8%a9%d8%9f\/\" class=\"elementskit-entry-thumb\">\n                                    <img decoding=\"async\" src=\"https:\/\/vitrinshippinglogistics.com\/wp-content\/uploads\/2025\/08\/project-blog-2-768x461.webp\" alt=\"\u0643\u064a\u0641 \u062a\u062e\u062a\u0627\u0631 \u0634\u0631\u0643\u0629 \u0634\u062d\u0646 \u062f\u0648\u0644\u064a\u0629 \u0645\u0648\u062b\u0648\u0642\u0629\u061f\">\n                                <\/a><!-- .elementskit-entry-thumb END -->\n                                                            \n                            \n\t\t\t\t\t\t\t\t\t\t\t\t\t<\/div><!-- .elementskit-entry-header END -->\n\n\t\t\t\t\t\t<div class=\"elementskit-post-body\">\n\t\t\t\t\t\t\t\n\t\t\t\t\t\t\t\t\t\t\t\t\t\t\t\t\t\t\t\t\t\t\t\t\t\n\t\t\t\t\t\t\t\t\n\t\t\t\t\t\t\t\t\t\t\t\t\t\t\t\t\t\t\t\t\t<h2 class=\"entry-title\">\n\t\t\t\t\t<a href=\"https:\/\/vitrinshippinglogistics.com\/de\/%d9%83%d9%8a%d9%81-%d8%aa%d8%ae%d8%aa%d8%a7%d8%b1-%d8%b4%d8%b1%d9%83%d8%a9-%d8%b4%d8%ad%d9%86-%d8%af%d9%88%d9%84%d9%8a%d8%a9-%d9%85%d9%88%d8%ab%d9%88%d9%82%d8%a9%d8%9f\/\">\n\t\t\t\t\t\tWie w\u00e4hlt man ein zuverl\u00e4ssiges internationales Versandunternehmen aus?\t\t\t\t\t<\/a>\n\t\t\t\t<\/h2>\n\t\t\t\t\t\t\t\t\t\t\t\t\t\t\t\t\t\t\t\t\t\t\t\t\t\t\t\t\t\t\t\t\t\t\t\t\t\t\t\t\t\t<p>Einleitung: Die Wahl des richtigen Transportunternehmens ist der wichtigste Faktor f\u00fcr den Erfolg Ihres Unternehmens. Ein zuverl\u00e4ssiges Unternehmen bedeutet Schnelligkeit, Sicherheit und niedrige Kosten. Inhalt:\u2026<\/p>\n\t\t\t\t\t\t\t\t\t\t\t\t\t\t\t\t\t\t\t\t\t\t                                                            <div class=\"btn-wraper\">\n                                    \n                                                                            <a class=\"elementskit-btn whitespace--normal\" id=\"\" href=\"https:\/\/vitrinshippinglogistics.com\/de\/%d9%83%d9%8a%d9%81-%d8%aa%d8%ae%d8%aa%d8%a7%d8%b1-%d8%b4%d8%b1%d9%83%d8%a9-%d8%b4%d8%ad%d9%86-%d8%af%d9%88%d9%84%d9%8a%d8%a9-%d9%85%d9%88%d8%ab%d9%88%d9%82%d8%a9%d8%9f\/\">\n                                        \t                                            mehr erfahren                                        <\/a>\n                                                                    <\/div>\n                                                    <\/div><!-- .elementskit-post-body END -->\n                    <\/div>\n                \n            <\/div>\n                    <div class=\"col-lg-4 col-md-6\">\n\n                                    <div class=\"elementskit-post-image-card\">\n                        <div class=\"elementskit-entry-header\">\n                                                            <a href=\"https:\/\/vitrinshippinglogistics.com\/de\/%d8%a3%d9%87%d9%85%d9%8a%d8%a9-%d8%a7%d9%84%d8%aa%d8%ae%d9%84%d9%8a%d8%b5-%d8%a7%d9%84%d8%ac%d9%85%d8%b1%d9%83%d9%8a-%d9%84%d9%86%d8%ac%d8%a7%d8%ad-%d8%aa%d8%ac%d8%a7%d8%b1%d8%aa%d9%83-%d8%a7%d9%84\/\" class=\"elementskit-entry-thumb\">\n                                    <img decoding=\"async\" src=\"https:\/\/vitrinshippinglogistics.com\/wp-content\/uploads\/2025\/08\/project-blog-7-768x461.webp\" alt=\"\u0623\u0647\u0645\u064a\u0629 \u0627\u0644\u062a\u062e\u0644\u064a\u0635 \u0627\u0644\u062c\u0645\u0631\u0643\u064a \u0644\u0646\u062c\u0627\u062d \u062a\u062c\u0627\u0631\u062a\u0643 \u0627\u0644\u062f\u0648\u0644\u064a\u0629\">\n                                <\/a><!-- .elementskit-entry-thumb END -->\n                                                            \n                            \n\t\t\t\t\t\t\t\t\t\t\t\t\t<\/div><!-- .elementskit-entry-header END -->\n\n\t\t\t\t\t\t<div class=\"elementskit-post-body\">\n\t\t\t\t\t\t\t\n\t\t\t\t\t\t\t\t\t\t\t\t\t\t\t\t\t\t\t\t\t\t\t\t\t\n\t\t\t\t\t\t\t\t\n\t\t\t\t\t\t\t\t\t\t\t\t\t\t\t\t\t\t\t\t\t<h2 class=\"entry-title\">\n\t\t\t\t\t<a href=\"https:\/\/vitrinshippinglogistics.com\/de\/%d8%a3%d9%87%d9%85%d9%8a%d8%a9-%d8%a7%d9%84%d8%aa%d8%ae%d9%84%d9%8a%d8%b5-%d8%a7%d9%84%d8%ac%d9%85%d8%b1%d9%83%d9%8a-%d9%84%d9%86%d8%ac%d8%a7%d8%ad-%d8%aa%d8%ac%d8%a7%d8%b1%d8%aa%d9%83-%d8%a7%d9%84\/\">\n\t\t\t\t\t\tDie Bedeutung der Zollabfertigung f\u00fcr den Erfolg Ihres internationalen Handels\t\t\t\t\t<\/a>\n\t\t\t\t<\/h2>\n\t\t\t\t\t\t\t\t\t\t\t\t\t\t\t\t\t\t\t\t\t\t\t\t\t\t\t\t\t\t\t\t\t\t\t\t\t\t\t\t\t\t<p>Einleitung: Die Zollabfertigung ist der entscheidende Schritt, um sicherzustellen, dass Ihre Waren legal und sicher in Ihr Land gelangen. Jede Verz\u00f6gerung oder\u2026<\/p>\n\t\t\t\t\t\t\t\t\t\t\t\t\t\t\t\t\t\t\t\t\t\t                                                            <div class=\"btn-wraper\">\n                                    \n                                                                            <a class=\"elementskit-btn whitespace--normal\" id=\"\" href=\"https:\/\/vitrinshippinglogistics.com\/de\/%d8%a3%d9%87%d9%85%d9%8a%d8%a9-%d8%a7%d9%84%d8%aa%d8%ae%d9%84%d9%8a%d8%b5-%d8%a7%d9%84%d8%ac%d9%85%d8%b1%d9%83%d9%8a-%d9%84%d9%86%d8%ac%d8%a7%d8%ad-%d8%aa%d8%ac%d8%a7%d8%b1%d8%aa%d9%83-%d8%a7%d9%84\/\">\n                                        \t                                            mehr erfahren                                        <\/a>\n                                                                    <\/div>\n                                                    <\/div><!-- .elementskit-post-body END -->\n                    <\/div>\n                \n            <\/div>\n                    <div class=\"col-lg-4 col-md-6\">\n\n                                    <div class=\"elementskit-post-image-card\">\n                        <div class=\"elementskit-entry-header\">\n                                                            <a href=\"https:\/\/vitrinshippinglogistics.com\/de\/%d8%af%d9%84%d9%8a%d9%84%d9%83-%d8%a7%d9%84%d9%83%d8%a7%d9%85%d9%84-%d9%84%d9%84%d8%b4%d8%ad%d9%86-%d9%85%d9%86-%d8%aa%d8%b1%d9%83%d9%8a%d8%a7-%d8%a5%d9%84%d9%89-%d9%85%d8%b5%d8%b1\/\" class=\"elementskit-entry-thumb\">\n                                    <img decoding=\"async\" src=\"https:\/\/vitrinshippinglogistics.com\/wp-content\/uploads\/2025\/08\/project-blog-8-768x461.webp\" alt=\"\u062f\u0644\u064a\u0644\u0643 \u0627\u0644\u0643\u0627\u0645\u0644 \u0644\u0644\u0634\u062d\u0646 \u0645\u0646 \u062a\u0631\u0643\u064a\u0627 \u0625\u0644\u0649 \u0645\u0635\u0631\">\n                                <\/a><!-- .elementskit-entry-thumb END -->\n                                                            \n                            \n\t\t\t\t\t\t\t\t\t\t\t\t\t<\/div><!-- .elementskit-entry-header END -->\n\n\t\t\t\t\t\t<div class=\"elementskit-post-body\">\n\t\t\t\t\t\t\t\n\t\t\t\t\t\t\t\t\t\t\t\t\t\t\t\t\t\t\t\t\t\t\t\t\t\n\t\t\t\t\t\t\t\t\n\t\t\t\t\t\t\t\t\t\t\t\t\t\t\t\t\t\t\t\t\t<h2 class=\"entry-title\">\n\t\t\t\t\t<a href=\"https:\/\/vitrinshippinglogistics.com\/de\/%d8%af%d9%84%d9%8a%d9%84%d9%83-%d8%a7%d9%84%d9%83%d8%a7%d9%85%d9%84-%d9%84%d9%84%d8%b4%d8%ad%d9%86-%d9%85%d9%86-%d8%aa%d8%b1%d9%83%d9%8a%d8%a7-%d8%a5%d9%84%d9%89-%d9%85%d8%b5%d8%b1\/\">\n\t\t\t\t\t\tIhr vollst\u00e4ndiger Leitfaden zum Versand von der T\u00fcrkei nach \u00c4gypten\t\t\t\t\t<\/a>\n\t\t\t\t<\/h2>\n\t\t\t\t\t\t\t\t\t\t\t\t\t\t\t\t\t\t\t\t\t\t\t\t\t\t\t\t\t\t\t\t\t\t\t\t\t\t\t\t\t\t<p>Einleitung: Aufgrund der Produktvielfalt, der hohen Qualit\u00e4t und der wettbewerbsf\u00e4higen Preise ist die T\u00fcrkei f\u00fcr \u00e4gyptische H\u00e4ndler eines der wichtigsten globalen Handelszentren.<\/p>\n\t\t\t\t\t\t\t\t\t\t\t\t\t\t\t\t\t\t\t\t\t\t                                                            <div class=\"btn-wraper\">\n                                    \n                                                                            <a class=\"elementskit-btn whitespace--normal\" id=\"\" href=\"https:\/\/vitrinshippinglogistics.com\/de\/%d8%af%d9%84%d9%8a%d9%84%d9%83-%d8%a7%d9%84%d9%83%d8%a7%d9%85%d9%84-%d9%84%d9%84%d8%b4%d8%ad%d9%86-%d9%85%d9%86-%d8%aa%d8%b1%d9%83%d9%8a%d8%a7-%d8%a5%d9%84%d9%89-%d9%85%d8%b5%d8%b1\/\">\n                                        \t                                            mehr erfahren                                        <\/a>\n                                                                    <\/div>\n                                                    <\/div><!-- .elementskit-post-body END -->\n                    <\/div>\n                \n            <\/div>\n                <\/div>\n       <\/div>\t\t\t\t<\/div>\n\t\t\t\t<\/div>\n\t\t\t\t<\/div>\n\t\t\t\t\t<\/div>\n\t\t\t\t<\/div>\n\t\t\t\t<\/div>","protected":false},"excerpt":{"rendered":"<p>\u0627\u0644\u0627\u062e\u0628\u0627\u0631 \u0627\u0644\u0631\u0626\u064a\u0633\u064a\u0629 \u0627\u0644\u0627\u062e\u0628\u0627\u0631 \u0643\u064a\u0641 \u062a\u062e\u062a\u0627\u0631 \u0634\u0631\u0643\u0629 \u0634\u062d\u0646 \u062f\u0648\u0644\u064a\u0629 \u0645\u0648\u062b\u0648\u0642\u0629\u061f \u0627\u0644\u0645\u0642\u062f\u0645\u0629:\u0627\u062e\u062a\u064a\u0627\u0631 \u0634\u0631\u0643\u0629 \u0627\u0644\u0634\u062d\u0646 \u0627\u0644\u0645\u0646\u0627\u0633\u0628\u0629 \u0647\u0648 \u0627\u0644\u0639\u0627\u0645\u0644 \u0627\u0644\u0623\u0647\u0645 \u0644\u0646\u062c\u0627\u062d \u062a\u062c\u0627\u0631\u062a\u0643. \u0641\u0627\u0644\u0634\u0631\u0643\u0629 \u0627\u0644\u0645\u0648\u062b\u0648\u0642\u0629 \u062a\u0639\u0646\u064a \u0633\u0631\u0639\u0629\u060c \u0623\u0645\u0627\u0646\u060c \u0648\u062a\u0643\u0644\u0641\u0629 \u0623\u0642\u0644. \u0627\u0644\u0645\u062d\u062a\u0648\u0649:&hellip; \u0627\u0639\u0631\u0641 \u0627\u0643\u062b\u0631 \u0623\u0647\u0645\u064a\u0629 \u0627\u0644\u062a\u062e\u0644\u064a\u0635 \u0627\u0644\u062c\u0645\u0631\u0643\u064a \u0644\u0646\u062c\u0627\u062d \u062a\u062c\u0627\u0631\u062a\u0643 \u0627\u0644\u062f\u0648\u0644\u064a\u0629 \u0627\u0644\u0645\u0642\u062f\u0645\u0629:\u0627\u0644\u062a\u062e\u0644\u064a\u0635 \u0627\u0644\u062c\u0645\u0631\u0643\u064a \u0647\u0648 \u0627\u0644\u062e\u0637\u0648\u0629 \u0627\u0644\u0623\u0633\u0627\u0633\u064a\u0629 \u0627\u0644\u062a\u064a \u062a\u0636\u0645\u0646 \u062f\u062e\u0648\u0644 \u0628\u0636\u0627\u0626\u0639\u0643 \u0628\u0634\u0643\u0644 \u0642\u0627\u0646\u0648\u0646\u064a \u0648\u0622\u0645\u0646 \u0625\u0644\u0649 \u0628\u0644\u062f\u0643. \u0623\u064a \u062a\u0623\u062e\u064a\u0631 \u0623\u0648&hellip; \u0627\u0639\u0631\u0641 \u0627\u0643\u062b\u0631 \u062f\u0644\u064a\u0644\u0643 \u0627\u0644\u0643\u0627\u0645\u0644 [&hellip;]<\/p>","protected":false},"author":1,"featured_media":0,"parent":0,"menu_order":0,"comment_status":"closed","ping_status":"closed","template":"","meta":{"footnotes":""},"class_list":["post-313","page","type-page","status-publish","hentry"],"_links":{"self":[{"href":"https:\/\/vitrinshippinglogistics.com\/de\/wp-json\/wp\/v2\/pages\/313","targetHints":{"allow":["GET"]}}],"collection":[{"href":"https:\/\/vitrinshippinglogistics.com\/de\/wp-json\/wp\/v2\/pages"}],"about":[{"href":"https:\/\/vitrinshippinglogistics.com\/de\/wp-json\/wp\/v2\/types\/page"}],"author":[{"embeddable":true,"href":"https:\/\/vitrinshippinglogistics.com\/de\/wp-json\/wp\/v2\/users\/1"}],"replies":[{"embeddable":true,"href":"https:\/\/vitrinshippinglogistics.com\/de\/wp-json\/wp\/v2\/comments?post=313"}],"version-history":[{"count":10,"href":"https:\/\/vitrinshippinglogistics.com\/de\/wp-json\/wp\/v2\/pages\/313\/revisions"}],"predecessor-version":[{"id":331,"href":"https:\/\/vitrinshippinglogistics.com\/de\/wp-json\/wp\/v2\/pages\/313\/revisions\/331"}],"wp:attachment":[{"href":"https:\/\/vitrinshippinglogistics.com\/de\/wp-json\/wp\/v2\/media?parent=313"}],"curies":[{"name":"wp","href":"https:\/\/api.w.org\/{rel}","templated":true}]}}